{"id":2237,"date":"2016-01-29T10:14:33","date_gmt":"2016-01-29T10:14:33","guid":{"rendered":"http:\/\/alespres.com.tr\/contact\/"},"modified":"2019-03-29T11:24:10","modified_gmt":"2019-03-29T08:24:10","slug":"contact","status":"publish","type":"page","link":"https:\/\/alespres.com.tr\/en\/contact\/","title":{"rendered":"Contact"},"content":{"rendered":"<div class=\"wpb-content-wrapper\"><p>[vc_row full_width=&#8221;stretch_row_content_no_spaces&#8221; css=&#8221;.vc_custom_1539095554006{margin-bottom: -50px !important;}&#8221;][vc_column][vc_column_text]<iframe loading=\"lazy\" style=\"border: 0;\" src=\"https:\/\/www.google.com\/maps\/embed?pb=!1m18!1m12!1m3!1d3048.3395645490004!2d28.780161315700017!3d40.17925597939347!2m3!1f0!2f0!3f0!3m2!1i1024!2i768!4f13.1!3m3!1m2!1s0x14ca13e883c5ec25%3A0xaf92c06b5e24a37e!2sAles+Pres!5e0!3m2!1str!2str!4v1539095066688\" width=\"1900\" height=\"400\" frameborder=\"0\" allowfullscreen=\"allowfullscreen\"><\/iframe>[\/vc_column_text][\/vc_column][\/vc_row][vc_row type=&#8221;vc_default&#8221; margin_top=&#8221;0&#8243; margin_bottom=&#8221;-35&#8243; css=&#8221;.vc_custom_1498572765023{margin-top: 70px !important;margin-bottom: 20px !important;}&#8221;][vc_column width=&#8221;1\/2&#8243; offset=&#8221;vc_col-lg-6 vc_col-md-7 vc_col-xs-12&#8243; css=&#8221;.vc_custom_1498821716836{padding-bottom: 40px !important;}&#8221;]<div id=\"ultimate-heading-650969f30f6810ca9\" class=\"uvc-heading ult-adjust-bottom-margin ultimate-heading-650969f30f6810ca9 uvc-3631 \" data-hspacer=\"no_spacer\"  data-halign=\"left\" style=\"text-align:left\"><div class=\"uvc-heading-spacer no_spacer\" style=\"top\"><\/div><div class=\"uvc-main-heading ult-responsive\"  data-ultimate-target='.uvc-heading.ultimate-heading-650969f30f6810ca9 h2'  data-responsive-json-new='{\"font-size\":\"desktop:26px;\",\"line-height\":\"desktop:32px;\"}' ><h2 style=\"font-weight:bold;margin-bottom:20px;\">Contact Information<\/h2><\/div><\/div>[vc_separator]<div class=\"aio-icon-component  vc_custom_1551360738360  accent-icon-bg color-title style_1\"><div id=\"Info-box-wrap-8076\" class=\"aio-icon-box left-icon\" style=\"\"  ><div class=\"aio-icon-left\"><div class=\"ult-just-icon-wrapper  \"><div class=\"align-icon\" style=\"text-align:center;\">\n<div class=\"aio-icon advanced \"  style=\"color:#ffffff;border-style:;border-color:#333333;border-width:1px;width:34px;height:34px;line-height:34px;border-radius:500px;font-size:16px;display:inline-block;\">\n\t<i class=\"icomoon-icomoonfree-16x16-office\"><\/i>\n<\/div><\/div><\/div><\/div><div class=\"aio-ibd-block\"><div class=\"aio-icon-description ult-responsive\"  data-ultimate-target='#Info-box-wrap-8076 .aio-icon-description'  data-responsive-json-new='{\"font-size\":\"desktop:18px;\",\"line-height\":\"desktop:24px;\"}'  style=\"font-family:&#039;Open Sans Condensed&#039;;font-weight:700;\">Hasana\u011fa Organize Sanayi B\u00f6lgesi Mah. 6. Cad. No:8, 16000 Nil\u00fcfer, Bursa TURKEY<\/div> <!-- description --><\/div> <!-- aio-ibd-block --><\/div> <!-- aio-icon-box --><\/div> <!-- aio-icon-component --><div class=\"aio-icon-component  vc_custom_1536325366975  accent-icon-bg color-title style_1\"><div id=\"Info-box-wrap-4349\" class=\"aio-icon-box left-icon\" style=\"\"  ><div class=\"aio-icon-left\"><div class=\"ult-just-icon-wrapper  \"><div class=\"align-icon\" style=\"text-align:center;\">\n<div class=\"aio-icon advanced \"  style=\"color:#ffffff;border-style:;border-color:#333333;border-width:1px;width:34px;height:34px;line-height:34px;border-radius:500px;font-size:16px;display:inline-block;\">\n\t<i class=\"icomoon-icomoonfree-16x16-mobile\"><\/i>\n<\/div><\/div><\/div><\/div><div class=\"aio-ibd-block\"><div class=\"aio-icon-description ult-responsive\"  data-ultimate-target='#Info-box-wrap-4349 .aio-icon-description'  data-responsive-json-new='{\"font-size\":\"desktop:18px;\",\"line-height\":\"desktop:24px;\"}'  style=\"font-family:&#039;Open Sans Condensed&#039;;font-weight:700;\">+90 (224) 411 20 20<br \/>\n+90 (224) 411 06 98<\/div> <!-- description --><\/div> <!-- aio-ibd-block --><\/div> <!-- aio-icon-box --><\/div> <!-- aio-icon-component --><div class=\"aio-icon-component  vc_custom_1536325392533  accent-icon-bg color-title style_1\"><div id=\"Info-box-wrap-8792\" class=\"aio-icon-box left-icon\" style=\"\"  ><div class=\"aio-icon-left\"><div class=\"ult-just-icon-wrapper  \"><div class=\"align-icon\" style=\"text-align:center;\">\n<div class=\"aio-icon advanced \"  style=\"color:#ffffff;border-style:;border-color:#333333;border-width:1px;width:34px;height:34px;line-height:34px;border-radius:500px;font-size:16px;display:inline-block;\">\n\t<i class=\"icomoon-icomoonfree-16x16-pencil\"><\/i>\n<\/div><\/div><\/div><\/div><div class=\"aio-ibd-block\"><div class=\"aio-icon-description ult-responsive\"  data-ultimate-target='#Info-box-wrap-8792 .aio-icon-description'  data-responsive-json-new='{\"font-size\":\"desktop:18px;\",\"line-height\":\"desktop:24px;\"}'  style=\"font-family:&#039;Open Sans Condensed&#039;;font-weight:700;\"><a href=\"mailto:info@alespres.com.tr\">info@alespres.com.tr<\/a><\/div> <!-- description --><\/div> <!-- aio-ibd-block --><\/div> <!-- aio-icon-box --><\/div> <!-- aio-icon-component -->[vc_empty_space height=&#8221;14px&#8221;][vc_separator]<style type=\"text\/css\" data-type=\"the7_shortcodes-inline-css\">.dt-shortcode-soc-icons.soc-icons-5daa00c92679476b3b3e7689c19fc12d a {\n  margin-right: 4px;\n}\n.dt-shortcode-soc-icons a.soc-icons-5daa00c92679476b3b3e7689c19fc12d {\n  margin-right: 4px;\n}\n.dt-shortcode-soc-icons a.soc-icons-5daa00c92679476b3b3e7689c19fc12d:last-child {\n  margin-right: 0;\n}\n.dt-shortcode-soc-icons a.soc-icons-5daa00c92679476b3b3e7689c19fc12d:before,\n.dt-shortcode-soc-icons a.soc-icons-5daa00c92679476b3b3e7689c19fc12d:after {\n  padding: inherit;\n}\n.dt-shortcode-soc-icons a.soc-icons-5daa00c92679476b3b3e7689c19fc12d.dt-icon-border-on:before {\n  border:  solid ;\n}\n.dt-shortcode-soc-icons a.soc-icons-5daa00c92679476b3b3e7689c19fc12d.dt-icon-hover-border-on:after {\n  border:  solid ;\n}<\/style><div class=\"dt-shortcode-soc-icons  soc-icons-5daa00c92679476b3b3e7689c19fc12d soc-icons-left  vc_custom_1551372661832\" ><style type=\"text\/css\" data-type=\"the7_shortcodes-inline-css\">.dt-shortcode-soc-icons a.single-soc-icon-7b763f3d2a6d9fbc18df26fa92b099bd {\n  min-width: 34px;\n  min-height: 34px;\n  font-size: 22px;\n  border-radius: 100px;\n}\n.dt-shortcode-soc-icons a.single-soc-icon-7b763f3d2a6d9fbc18df26fa92b099bd:last-child {\n  margin-right: 0;\n}\n.dt-shortcode-soc-icons a.single-soc-icon-7b763f3d2a6d9fbc18df26fa92b099bd:before,\n.dt-shortcode-soc-icons a.single-soc-icon-7b763f3d2a6d9fbc18df26fa92b099bd:after {\n  min-width: 34px;\n  min-height: 34px;\n  padding: inherit;\n}\n#page .dt-shortcode-soc-icons a.single-soc-icon-7b763f3d2a6d9fbc18df26fa92b099bd.dt-icon-bg-on:before,\n#phantom .dt-shortcode-soc-icons a.single-soc-icon-7b763f3d2a6d9fbc18df26fa92b099bd.dt-icon-bg-on:before {\n  background: #dd3333;\n}\n.dt-shortcode-soc-icons a.single-soc-icon-7b763f3d2a6d9fbc18df26fa92b099bd.dt-icon-border-on:before {\n  border: 0px solid ;\n}\n.dt-shortcode-soc-icons a.single-soc-icon-7b763f3d2a6d9fbc18df26fa92b099bd.dt-icon-hover-border-on:after {\n  border: 0px solid ;\n}\n.dt-shortcode-soc-icons a.single-soc-icon-7b763f3d2a6d9fbc18df26fa92b099bd:hover {\n  font-size: 22px;\n}\n#page .dt-shortcode-soc-icons a.single-soc-icon-7b763f3d2a6d9fbc18df26fa92b099bd:hover .soc-font-icon,\n#phantom .dt-shortcode-soc-icons a.single-soc-icon-7b763f3d2a6d9fbc18df26fa92b099bd:hover .soc-font-icon,\n#page .dt-shortcode-soc-icons a.single-soc-icon-7b763f3d2a6d9fbc18df26fa92b099bd:hover .soc-icon,\n#phantom .dt-shortcode-soc-icons a.single-soc-icon-7b763f3d2a6d9fbc18df26fa92b099bd:hover .soc-icon {\n  color: rgba(255,255,255,0.75);\n  background: none;\n}\n#page .dt-shortcode-soc-icons a.single-soc-icon-7b763f3d2a6d9fbc18df26fa92b099bd:not(:hover) .soc-font-icon,\n#phantom .dt-shortcode-soc-icons a.single-soc-icon-7b763f3d2a6d9fbc18df26fa92b099bd:not(:hover) .soc-font-icon,\n#page .dt-shortcode-soc-icons a.single-soc-icon-7b763f3d2a6d9fbc18df26fa92b099bd:not(:hover) .soc-icon,\n#phantom .dt-shortcode-soc-icons a.single-soc-icon-7b763f3d2a6d9fbc18df26fa92b099bd:not(:hover) .soc-icon {\n  color: #ffffff;\n  background: none;\n}\n.dt-shortcode-soc-icons a.single-soc-icon-7b763f3d2a6d9fbc18df26fa92b099bd .soc-font-icon,\n.dt-shortcode-soc-icons a.single-soc-icon-7b763f3d2a6d9fbc18df26fa92b099bd .soc-icon {\n  font-size: 22px;\n}<\/style><a title=\"youtube\" href=\"https:\/\/www.youtube.com\/channel\/UCoD7jNVcEydOCPkJPHxdbyA\" target=\"_blank\" class=\"fab fa-youtube single-soc-icon-7b763f3d2a6d9fbc18df26fa92b099bd dt-icon-bg-on dt-icon-border-on dt-icon-hover-border-on dt-icon-hover-bg-on\"><i class=\"soc-icon fab fa-youtube\"><\/i><span class=\"screen-reader-text\">youtube<\/span><\/a><\/div>[\/vc_column][vc_column width=&#8221;1\/2&#8243;]<div id=\"ultimate-heading-643369f30f6811190\" class=\"uvc-heading ult-adjust-bottom-margin ultimate-heading-643369f30f6811190 uvc-208 \" data-hspacer=\"no_spacer\"  data-halign=\"left\" style=\"text-align:left\"><div class=\"uvc-heading-spacer no_spacer\" style=\"top\"><\/div><div class=\"uvc-main-heading ult-responsive\"  data-ultimate-target='.uvc-heading.ultimate-heading-643369f30f6811190 h2'  data-responsive-json-new='{\"font-size\":\"desktop:26px;\",\"line-height\":\"desktop:32px;\"}' ><h2 style=\"font-weight:bold;margin-bottom:20px;\">Contact Form<\/h2><\/div><\/div>[vc_separator]<form class=\"dt-contact-form dt-form\" method=\"post\"><input type=\"hidden\" name=\"widget_id\" value=\"presscore-contact-form-widget--1\" \/><input type=\"hidden\" name=\"send_message\" value=\"\" \/><input type=\"hidden\" name=\"security_token\" value=\"7339016f4aa71897ce4d\"\/><div class=\"form-fields\"><span class=\"form-name\"><label class=\"assistive-text\">Name *<\/label><input type=\"text\" class=\"validate[required]\" placeholder=\"Name *\" name=\"name\" value=\"\" aria-required=\"true\">\n<\/span><span class=\"form-mail\"><label class=\"assistive-text\">E-mail *<\/label><input type=\"text\" class=\"validate[required,custom[email]]\" placeholder=\"E-mail *\" name=\"email\" value=\"\" aria-required=\"true\">\n<\/span><span class=\"form-telephone\"><label class=\"assistive-text\">Telephone<\/label><input type=\"text\" placeholder=\"Telephone\" name=\"telephone\" value=\"\" aria-required=\"false\">\n<\/span><span class=\"form-company\"><label class=\"assistive-text\">Company<\/label><input type=\"text\" placeholder=\"Company\" name=\"company\" value=\"\" aria-required=\"false\">\n<\/span><\/div><span class=\"form-message\"><label class=\"assistive-text\">Message *<\/label><textarea class=\"validate[required]\" placeholder=\"Message *\" name=\"message\" rows=\"8\" aria-required=\"true\"><\/textarea>\n<\/span><p><a href=\"#\" class=\"dt-btn dt-btn-m dt-btn-submit\" rel=\"nofollow\"><span>Send Message<\/span><\/a><input class=\"assistive-text\" type=\"submit\" value=\"submit\"><\/p><\/form>\n[\/vc_column][\/vc_row]<\/p>\n<\/div>","protected":false},"excerpt":{"rendered":"<p>[vc_row full_width=&#8221;stretch_row_content_no_spaces&#8221; css=&#8221;.vc_custom_1539095554006{margin-bottom: -50px !important;}&#8221;][vc_column][vc_column_text][\/vc_column_text][\/vc_column][\/vc_row][vc_row type=&#8221;vc_default&#8221; margin_top=&#8221;0&#8243; margin_bottom=&#8221;-35&#8243; css=&#8221;.vc_custom_1498572765023{margin-top: 70px !important;margin-bottom: 20px !important;}&#8221;][vc_column width=&#8221;1\/2&#8243; offset=&#8221;vc_col-lg-6 vc_col-md-7 vc_col-xs-12&#8243; css=&#8221;.vc_custom_1498821716836{padding-bottom: 40px !important;}&#8221;][vc_separator][vc_empty_space height=&#8221;14px&#8221;][vc_separator][\/vc_column][vc_column width=&#8221;1\/2&#8243;][vc_separator][\/vc_column][\/vc_row]<\/p>\n","protected":false},"author":1,"featured_media":0,"parent":0,"menu_order":600,"comment_status":"closed","ping_status":"closed","template":"","meta":{"om_disable_all_campaigns":false,"_monsterinsights_skip_tracking":false,"_monsterinsights_sitenote_active":false,"_monsterinsights_sitenote_note":"","_monsterinsights_sitenote_category":0,"footnotes":""},"class_list":["post-2237","page","type-page","status-publish","hentry","description-off"],"aioseo_notices":[],"_links":{"self":[{"href":"https:\/\/alespres.com.tr\/en\/wp-json\/wp\/v2\/pages\/2237\/"}],"collection":[{"href":"https:\/\/alespres.com.tr\/en\/wp-json\/wp\/v2\/pages\/"}],"about":[{"href":"https:\/\/alespres.com.tr\/en\/wp-json\/wp\/v2\/types\/page\/"}],"author":[{"embeddable":true,"href":"https:\/\/alespres.com.tr\/en\/wp-json\/wp\/v2\/users\/1\/"}],"replies":[{"embeddable":true,"href":"https:\/\/alespres.com.tr\/en\/wp-json\/wp\/v2\/comments\/?post=2237"}],"version-history":[{"count":6,"href":"https:\/\/alespres.com.tr\/en\/wp-json\/wp\/v2\/pages\/2237\/revisions\/"}],"predecessor-version":[{"id":2320,"href":"https:\/\/alespres.com.tr\/en\/wp-json\/wp\/v2\/pages\/2237\/revisions\/2320\/"}],"wp:attachment":[{"href":"https:\/\/alespres.com.tr\/en\/wp-json\/wp\/v2\/media\/?parent=2237"}],"curies":[{"name":"wp","href":"https:\/\/api.w.org\/{rel}","templated":true}]}}