{"id":3084,"date":"2021-06-07T16:23:13","date_gmt":"2021-06-07T13:23:13","guid":{"rendered":"http:\/\/alespres.com.tr\/lokasyon\/"},"modified":"2021-06-07T16:27:59","modified_gmt":"2021-06-07T13:27:59","slug":"location","status":"publish","type":"page","link":"https:\/\/alespres.com.tr\/en\/location\/","title":{"rendered":"Location"},"content":{"rendered":"<div class=\"wpb-content-wrapper\"><p>[vc_row css=&#8221;.vc_custom_1623070284285{margin-top: -70px !important;}&#8221;][vc_column width=&#8221;2\/3&#8243;]<div class='ult_hotspot_container ult-adjust-bottom-margin ult-hotspot-tooltip-wrapper ' style=>  <img class='ult_hotspot_image' src=https:\/\/alespres.com.tr\/wp-content\/uploads\/2021\/06\/map-evropa3.jpg alt='null'\/>     <div class='utl-hotspot-items ult-hotspot-item'><div class='ult-hotspot-item  ' style='top:-webkit-calc(38.19960760016522% - 50px);top:-moz-calc(38.19960760016522% - 50px);top:calc(38.19960760016522% - 50px);left: -webkit-calc(40.01677852348993% - 50px);left: -moz-calc(40.01677852348993% - 50px);left: calc(40.01677852348993% - 50px);' >  <div style='z-index: 39;position: relative;'>   <a data-link_style='tootip' data-mycust-id=\"hotspot-tooltip-1904\"  data-ultimate-target='#hotspot-tooltip-1904 .ult-tooltipster-content'  data-responsive-json-new='{\"font-size\":\"\",\"line-height\":\"\"}' data-tooltip-content-style=\"width:300px;\"data-tooltip-base-style=\"background-color:#ffffff;color:#4c4c4c;\" data-bubble-arrow=\"true\" data-tooltip-offsety=\"50\" class='ult-tooltipstered ult-hotspot-tooltip' href='#' data-status='show'><div class=\"ult-just-icon-wrapper  \"><div class=\"align-icon\" style=\"text-align:center;\">\n<div class=\"aio-icon-img \" style=\"font-size:100px;display:inline-block;\" >\n\t<img decoding=\"async\" class=\"img-icon\" alt=\"null\" src=\"https:\/\/alespres.com.tr\/wp-content\/uploads\/2021\/06\/Germany.png\"\/>\n<\/div><\/div><\/div><span class='hotspot-tooltip-content'>&lt;strong&gt;EILBRONN Unternehmensgruppe&lt;\/strong&gt;&lt;br \/&gt;\nThomaswert 4&lt;br \/&gt;\nD-74076 Heilbronn<\/span>  <\/a> <\/div><!-- ICON WRAP --><\/div><div class='ult-hotspot-item  ' style='top:-webkit-calc(68.6415737298637% - 50px);top:-moz-calc(68.6415737298637% - 50px);top:calc(68.6415737298637% - 50px);left: -webkit-calc(71.13962877516778% - 50px);left: -moz-calc(71.13962877516778% - 50px);left: calc(71.13962877516778% - 50px);' >  <div style='z-index: 39;position: relative;'>   <a data-link_style='tootip' data-mycust-id=\"hotspot-tooltip-3775\"  data-ultimate-target='#hotspot-tooltip-3775 .ult-tooltipster-content'  data-responsive-json-new='{\"font-size\":\"\",\"line-height\":\"\"}' data-tooltip-content-style=\"width:300px;\"data-tooltip-base-style=\"background-color:#fff;color:#4c4c4c;\" data-bubble-arrow=\"true\" data-tooltip-offsety=\"50\" class='ult-tooltipstered ult-hotspot-tooltip' href='#' data-status='show'><div class=\"ult-just-icon-wrapper  \"><div class=\"align-icon\" style=\"text-align:center;\">\n<div class=\"aio-icon-img \" style=\"font-size:100px;display:inline-block;\" >\n\t<img decoding=\"async\" class=\"img-icon\" alt=\"null\" src=\"https:\/\/alespres.com.tr\/wp-content\/uploads\/2021\/06\/Turkey.png\"\/>\n<\/div><\/div><\/div><span class='hotspot-tooltip-content'>Hasana\u011fa Organize Sanayi B\u00f6lgesi Mah. 6. Cad.&lt;br \/&gt;\nNo:8, 16159 Nil\u00fcfer, Bursa T\u00dcRK\u0130YE&lt;br \/&gt;\n+90 (224) 411 20 20&lt;br \/&gt;\n+90 (224) 411 06 98&lt;br \/&gt;\n&lt;a href=&#039;mailto:info@alespres.com.tr&#039;&gt;info@alespres.com.tr&lt;\/a&gt;<\/span>  <\/a> <\/div><!-- ICON WRAP --><\/div>\n<\/div>     <div style='color:#000;' data-image='    '><\/div><\/div>[\/vc_column][vc_column width=&#8221;1\/3&#8243;][vc_text_separator title=&#8221;Turkey&#8221; title_align=&#8221;separator_align_left&#8221; color=&#8221;custom&#8221; accent_color=&#8221;#dd0000&#8243;][vc_column_text]Hasana\u011fa Organize Sanayi B\u00f6lgesi Mah. 6. Cad. No:8, 16159 Nil\u00fcfer, Bursa T\u00dcRK\u0130YE<br \/>\n+90 (224) 411 20 20<br \/>\n+90 (224) 411 06 98<br \/>\n<a href=\"mailto:info@alespres.com.tr\" target=\"_blank\" rel=\"noopener\">info@alespres.com.tr<\/a>[\/vc_column_text][vc_text_separator title=&#8221;Germany&#8221; title_align=&#8221;separator_align_left&#8221; color=&#8221;custom&#8221; accent_color=&#8221;#dd0000&#8243;][vc_column_text]HEILBRONN Unternehmensgruppe<br \/>\nThomaswert 4<br \/>\nD-74076 Heilbronn<br \/>\nFon: +49 (0) 7131 296-0<br \/>\nFax: +49 (0) 7131 296-64[\/vc_column_text][\/vc_column][\/vc_row]<\/p>\n<\/div>","protected":false},"excerpt":{"rendered":"<p>[vc_row css=&#8221;.vc_custom_1623070284285{margin-top: -70px !important;}&#8221;][vc_column width=&#8221;2\/3&#8243;][\/vc_column][vc_column width=&#8221;1\/3&#8243;][vc_text_separator title=&#8221;Turkey&#8221; title_align=&#8221;separator_align_left&#8221; color=&#8221;custom&#8221; accent_color=&#8221;#dd0000&#8243;][vc_column_text]Hasana\u011fa Organize Sanayi B\u00f6lgesi Mah. 6. Cad. No:8, 16159 Nil\u00fcfer, Bursa T\u00dcRK\u0130YE +90 (224) 411 20 20 +90 (224) 411 06 98 info@alespres.com.tr[\/vc_column_text][vc_text_separator title=&#8221;Germany&#8221; title_align=&#8221;separator_align_left&#8221; color=&#8221;custom&#8221; accent_color=&#8221;#dd0000&#8243;][vc_column_text]HEILBRONN Unternehmensgruppe Thomaswert 4 D-74076 Heilbronn Fon: +49 (0) 7131 296-0 Fax: +49 (0) 7131 296-64[\/vc_column_text][\/vc_column][\/vc_row]<\/p>\n","protected":false},"author":1,"featured_media":0,"parent":0,"menu_order":0,"comment_status":"closed","ping_status":"closed","template":"","meta":{"om_disable_all_campaigns":false,"_monsterinsights_skip_tracking":false,"_monsterinsights_sitenote_active":false,"_monsterinsights_sitenote_note":"","_monsterinsights_sitenote_category":0,"footnotes":""},"class_list":["post-3084","page","type-page","status-publish","hentry","description-off"],"aioseo_notices":[],"_links":{"self":[{"href":"https:\/\/alespres.com.tr\/en\/wp-json\/wp\/v2\/pages\/3084\/"}],"collection":[{"href":"https:\/\/alespres.com.tr\/en\/wp-json\/wp\/v2\/pages\/"}],"about":[{"href":"https:\/\/alespres.com.tr\/en\/wp-json\/wp\/v2\/types\/page\/"}],"author":[{"embeddable":true,"href":"https:\/\/alespres.com.tr\/en\/wp-json\/wp\/v2\/users\/1\/"}],"replies":[{"embeddable":true,"href":"https:\/\/alespres.com.tr\/en\/wp-json\/wp\/v2\/comments\/?post=3084"}],"version-history":[{"count":2,"href":"https:\/\/alespres.com.tr\/en\/wp-json\/wp\/v2\/pages\/3084\/revisions\/"}],"predecessor-version":[{"id":3086,"href":"https:\/\/alespres.com.tr\/en\/wp-json\/wp\/v2\/pages\/3084\/revisions\/3086\/"}],"wp:attachment":[{"href":"https:\/\/alespres.com.tr\/en\/wp-json\/wp\/v2\/media\/?parent=3084"}],"curies":[{"name":"wp","href":"https:\/\/api.w.org\/{rel}","templated":true}]}}